{"id":4382,"date":"2025-06-14T13:59:30","date_gmt":"2025-06-14T12:59:30","guid":{"rendered":"https:\/\/veronasdavit.org\/veronasdavit\/?page_id=4382"},"modified":"2025-06-14T14:02:51","modified_gmt":"2025-06-14T13:02:51","slug":"fazer-doacao","status":"publish","type":"page","link":"https:\/\/veronasdavit.org\/veronasdavit\/fazer-doacao\/","title":{"rendered":"Fazer Doa\u00e7\u00e3o"},"content":{"rendered":"\t\t<div data-elementor-type=\"wp-page\" data-elementor-id=\"4382\" class=\"elementor elementor-4382\">\n\t\t\t\t\t\t<section class=\"elementor-section elementor-top-section elementor-element elementor-element-ee813fc elementor-section-boxed elementor-section-height-default elementor-section-height-default wpr-particle-no wpr-jarallax-no wpr-parallax-no\" data-id=\"ee813fc\" data-element_type=\"section\" data-e-type=\"section\" data-settings=\"{&quot;background_background&quot;:&quot;classic&quot;}\">\n\t\t\t\t\t\t<div class=\"elementor-container elementor-column-gap-default\">\n\t\t\t\t\t<div class=\"elementor-column elementor-col-100 elementor-top-column elementor-element elementor-element-e424124\" data-id=\"e424124\" data-element_type=\"column\" data-e-type=\"column\">\n\t\t\t<div class=\"elementor-widget-wrap elementor-element-populated\">\n\t\t\t\t\t\t<div class=\"elementor-element elementor-element-1c60f02 elementor-invisible elementor-widget elementor-widget-heading\" data-id=\"1c60f02\" data-element_type=\"widget\" data-e-type=\"widget\" data-settings=\"{&quot;_animation&quot;:&quot;fadeInUp&quot;}\" data-widget_type=\"heading.default\">\n\t\t\t\t<div class=\"elementor-widget-container\">\n\t\t\t\t\t<h3 class=\"elementor-heading-title elementor-size-default\">Apoie os Nossos Projectos<\/h3>\t\t\t\t<\/div>\n\t\t\t\t<\/div>\n\t\t\t\t<div class=\"elementor-element elementor-element-7bf6a70 wpr-grid-columns-2 animated-slow wpr-grid-columns--tablet2 wpr-grid-columns--mobile1 wpr-grid-pagination-center wpr-item-styles-inner elementor-invisible elementor-widget elementor-widget-wpr-woo-grid\" data-id=\"7bf6a70\" data-element_type=\"widget\" data-e-type=\"widget\" data-settings=\"{&quot;_animation&quot;:&quot;fadeInUp&quot;}\" data-widget_type=\"wpr-woo-grid.default\">\n\t\t\t\t<div class=\"elementor-widget-container\">\n\t\t\t\t\t<h2>WooCommerce is NOT active!<\/h2>\t\t\t\t<\/div>\n\t\t\t\t<\/div>\n\t\t\t\t\t<\/div>\n\t\t<\/div>\n\t\t\t\t\t<\/div>\n\t\t<\/section>\n\t\t\t\t<\/div>\n\t\t\n    <div class=\"xs_social_share_widget xs_share_url after_content \t\tmain_content  wslu-style-1 wslu-share-box-shaped wslu-fill-colored wslu-none wslu-share-horizontal wslu-theme-font-no wslu-main_content\">\n\n\t\t\n        <ul>\n\t\t\t        <\/ul>\n    <\/div> \n","protected":false},"excerpt":{"rendered":"<p>Apoie os Nossos Projectos All Doa\u00e7\u00e3o Doa\u00e7\u00e3o Roupa para os moradores de rua Projecto para os moradores de rua Saiba mais Doa\u00e7\u00e3o Associa\u00e7\u00e3o Veronas Davit Apoie-nos a promover a inclus\u00e3o social, educa\u00e7\u00e3o, empoderamento feminino e o desenvolvimento comunit\u00e1rio em Angola. Saiba mais Doa\u00e7\u00e3o Lar do Acolhimento Projecto que visa acolher meninas e jovens de 10 a 18 anos em situa\u00e7\u00e3o de vulnerabilidade, promovendo inclus\u00e3o, educa\u00e7\u00e3o e&hellip; Saiba mais<\/p>\n","protected":false},"author":1,"featured_media":0,"parent":0,"menu_order":0,"comment_status":"closed","ping_status":"closed","template":"tpl-fullwidth.php","meta":{"_acf_changed":false,"give_campaign_id":0,"postBodyCss":"","postBodyMargin":[],"postBodyPadding":[],"postBodyBackground":{"backgroundType":"classic","gradient":""},"footnotes":""},"class_list":["post-4382","page","type-page","status-publish","hentry"],"acf":[],"campaignId":"0","_links":{"self":[{"href":"https:\/\/veronasdavit.org\/veronasdavit\/wp-json\/wp\/v2\/pages\/4382","targetHints":{"allow":["GET"]}}],"collection":[{"href":"https:\/\/veronasdavit.org\/veronasdavit\/wp-json\/wp\/v2\/pages"}],"about":[{"href":"https:\/\/veronasdavit.org\/veronasdavit\/wp-json\/wp\/v2\/types\/page"}],"author":[{"embeddable":true,"href":"https:\/\/veronasdavit.org\/veronasdavit\/wp-json\/wp\/v2\/users\/1"}],"replies":[{"embeddable":true,"href":"https:\/\/veronasdavit.org\/veronasdavit\/wp-json\/wp\/v2\/comments?post=4382"}],"version-history":[{"count":7,"href":"https:\/\/veronasdavit.org\/veronasdavit\/wp-json\/wp\/v2\/pages\/4382\/revisions"}],"predecessor-version":[{"id":4389,"href":"https:\/\/veronasdavit.org\/veronasdavit\/wp-json\/wp\/v2\/pages\/4382\/revisions\/4389"}],"wp:attachment":[{"href":"https:\/\/veronasdavit.org\/veronasdavit\/wp-json\/wp\/v2\/media?parent=4382"}],"curies":[{"name":"wp","href":"https:\/\/api.w.org\/{rel}","templated":true}]}}