{"id":4339,"date":"2025-06-12T10:07:02","date_gmt":"2025-06-12T09:07:02","guid":{"rendered":"https:\/\/veronasdavit.org\/veronasdavit\/?page_id=4339"},"modified":"2025-06-14T17:32:45","modified_gmt":"2025-06-14T16:32:45","slug":"nossos-projectos","status":"publish","type":"page","link":"https:\/\/veronasdavit.org\/veronasdavit\/nossos-projectos\/","title":{"rendered":"Nossos Projectos"},"content":{"rendered":"\t\t<div data-elementor-type=\"wp-page\" data-elementor-id=\"4339\" class=\"elementor elementor-4339\">\n\t\t\t\t\t\t<section class=\"elementor-section elementor-top-section elementor-element elementor-element-15dcf9c elementor-section-boxed elementor-section-height-default elementor-section-height-default wpr-particle-no wpr-jarallax-no wpr-parallax-no wpr-sticky-section-no\" data-id=\"15dcf9c\" data-element_type=\"section\" data-e-type=\"section\">\n\t\t\t\t\t\t<div class=\"elementor-container elementor-column-gap-default\">\n\t\t\t\t\t<div class=\"elementor-column elementor-col-100 elementor-top-column elementor-element elementor-element-41182ae\" data-id=\"41182ae\" data-element_type=\"column\" data-e-type=\"column\">\n\t\t\t<div class=\"elementor-widget-wrap elementor-element-populated\">\n\t\t\t\t\t\t<div class=\"elementor-element elementor-element-6518d26 animated-fast elementor-invisible elementor-widget elementor-widget-heading\" data-id=\"6518d26\" data-element_type=\"widget\" data-e-type=\"widget\" data-settings=\"{&quot;_animation&quot;:&quot;fadeInLeft&quot;}\" data-widget_type=\"heading.default\">\n\t\t\t\t<div class=\"elementor-widget-container\">\n\t\t\t\t\t<h2 class=\"elementor-heading-title elementor-size-default\">Nossos Projectos<\/h2>\t\t\t\t<\/div>\n\t\t\t\t<\/div>\n\t\t\t\t<div class=\"elementor-element elementor-element-99aa9b7 elementor-widget-divider--view-line elementor-invisible elementor-widget elementor-widget-divider\" data-id=\"99aa9b7\" data-element_type=\"widget\" data-e-type=\"widget\" data-settings=\"{&quot;_animation&quot;:&quot;fadeInLeft&quot;}\" data-widget_type=\"divider.default\">\n\t\t\t\t<div class=\"elementor-widget-container\">\n\t\t\t\t\t\t\t<div class=\"elementor-divider\">\n\t\t\t<span class=\"elementor-divider-separator\">\n\t\t\t\t\t\t<\/span>\n\t\t<\/div>\n\t\t\t\t\t\t<\/div>\n\t\t\t\t<\/div>\n\t\t\t\t<div class=\"elementor-element elementor-element-6065e73 elementor-invisible elementor-widget elementor-widget-heading\" data-id=\"6065e73\" data-element_type=\"widget\" data-e-type=\"widget\" data-settings=\"{&quot;_animation&quot;:&quot;fadeInLeft&quot;,&quot;_animation_delay&quot;:200}\" data-widget_type=\"heading.default\">\n\t\t\t\t<div class=\"elementor-widget-container\">\n\t\t\t\t\t<h2 class=\"elementor-heading-title elementor-size-default\">Transformando vidas pelo amor de Cristo<\/h2>\t\t\t\t<\/div>\n\t\t\t\t<\/div>\n\t\t\t\t<div class=\"elementor-element elementor-element-a32a72b elementor-invisible elementor-widget elementor-widget-text-editor\" data-id=\"a32a72b\" data-element_type=\"widget\" data-e-type=\"widget\" data-settings=\"{&quot;_animation&quot;:&quot;fadeInLeft&quot;,&quot;_animation_delay&quot;:400}\" data-widget_type=\"text-editor.default\">\n\t\t\t\t<div class=\"elementor-widget-container\">\n\t\t\t\t\t\t\t\t\t<p>Na Associa\u00e7\u00e3o Veronas Davit, acreditamos que pequenas ac\u00e7\u00f5es podem gerar grandes mudan\u00e7as. Atrav\u00e9s do ato simples, por\u00e9m poderoso, de doar. Pois, temos a oportunidade de transformar vidas e impactar comunidades inteiras em Angola.<\/p>\t\t\t\t\t\t\t\t<\/div>\n\t\t\t\t<\/div>\n\t\t\t\t<section class=\"elementor-section elementor-inner-section elementor-element elementor-element-a84fd8d elementor-section-boxed elementor-section-height-default elementor-section-height-default wpr-particle-no wpr-jarallax-no wpr-parallax-no wpr-sticky-section-no elementor-invisible\" data-id=\"a84fd8d\" data-element_type=\"section\" data-e-type=\"section\" data-settings=\"{&quot;animation&quot;:&quot;fadeInUp&quot;}\">\n\t\t\t\t\t\t<div class=\"elementor-container elementor-column-gap-default\">\n\t\t\t\t\t<div class=\"elementor-column elementor-col-33 elementor-inner-column elementor-element elementor-element-74aab4f\" data-id=\"74aab4f\" data-element_type=\"column\" data-e-type=\"column\">\n\t\t\t<div class=\"elementor-widget-wrap elementor-element-populated\">\n\t\t\t\t\t\t<div class=\"elementor-element elementor-element-9e58b28 wpr-promo-box-style-cover elementor-invisible elementor-widget elementor-widget-wpr-promo-box\" data-id=\"9e58b28\" data-element_type=\"widget\" data-e-type=\"widget\" data-settings=\"{&quot;_animation&quot;:&quot;slideInUp&quot;}\" data-widget_type=\"wpr-promo-box.default\">\n\t\t\t\t<div class=\"elementor-widget-container\">\n\t\t\t\t\t\n\t\t<div class=\"wpr-promo-box wpr-animation-wrap\">\n\n\t\t\t\t\t\t\t\n\t\t\t\t\t\t\t<div class=\"wpr-promo-box-image\">\n\t\t\t\t\t<div class=\"wpr-promo-box-bg-image wpr-bg-anim-zoom-in wpr-anim-timing-ease-default lazyload\" style=\"background-image:inherit;\" data-bg-image=\"url(https:\/\/veronasdavit.org\/veronasdavit\/wp-content\/uploads\/2025\/06\/WhatsApp-Image-2025-06-13-at-17.00.38.jpeg)\"><\/div>\n\t\t\t\t\t<div class=\"wpr-promo-box-bg-overlay wpr-border-anim-oscar\"><\/div>\n\t\t\t\t<\/div>\n\t\t\t\t\t\t\n\t\t\t<div class=\"wpr-promo-box-content\">\n\n\t\t\t\t\t\t\t\t<div class=\"wpr-promo-box-icon\">\n\t\t\t\t\t\t\t\t\t<\/div>\n\t\t\t\t\n\t\t\t\t<h3 class=\"wpr-promo-box-title\"><span>Alimentos<\/span><\/h3>\n\t\t\t\t\t\t\t\t\t<div class=\"wpr-promo-box-description\">\n\t\t\t\t\t\t<p><p><span class=\"_fadeIn_m1hgl_8\">Doe <\/span><span class=\"_fadeIn_m1hgl_8\">alimentos <\/span><span class=\"_fadeIn_m1hgl_8\">n\u00e3o <\/span><span class=\"_fadeIn_m1hgl_8\">perec\u00edveis <\/span><span class=\"_fadeIn_m1hgl_8\">e <\/span><span class=\"_fadeIn_m1hgl_8\">ajude <\/span><span class=\"_fadeIn_m1hgl_8\">fam\u00edlias <\/span><span class=\"_fadeIn_m1hgl_8\">em <\/span><span class=\"_fadeIn_m1hgl_8\">situa\u00e7\u00e3o <\/span><span class=\"_fadeIn_m1hgl_8\">de <\/span><span class=\"_fadeIn_m1hgl_8\">fome. <\/span><span class=\"_fadeIn_m1hgl_8\">Arroz, <\/span><span class=\"_fadeIn_m1hgl_8\">feij\u00e3o, <\/span><span class=\"_fadeIn_m1hgl_8\">massa, <\/span><span class=\"_fadeIn_m1hgl_8\">\u00f3leo <\/span><span class=\"_fadeIn_m1hgl_8\">e <\/span><span class=\"_fadeIn_m1hgl_8\">enlatados <\/span><span class=\"_fadeIn_m1hgl_8\">s\u00e3o <\/span><span class=\"_fadeIn_m1hgl_8\">bem-<\/span><span class=\"_fadeIn_m1hgl_8\">vindos. <\/span><span class=\"_fadeIn_m1hgl_8\">Um <\/span><span class=\"_fadeIn_m1hgl_8\">gesto <\/span><span class=\"_fadeIn_m1hgl_8\">simples <\/span><span class=\"_fadeIn_m1hgl_8\">pode <\/span><span class=\"_fadeIn_m1hgl_8\">alimentar <\/span><span class=\"_fadeIn_m1hgl_8\">muitas <\/span><span class=\"_fadeIn_m1hgl_8\">pessoas.<\/span><\/p><\/p>\t\n\t\t\t\t\t<\/div>\t\t\t\t\t\t\n\t\t\t\t\n\t\t\t\t\t\t\t<\/div>\n\n\t\t\t\t\t<\/div>\n\n\t\t\t\t\t\t<\/div>\n\t\t\t\t<\/div>\n\t\t\t\t\t<\/div>\n\t\t<\/div>\n\t\t\t\t<div class=\"elementor-column elementor-col-33 elementor-inner-column elementor-element elementor-element-3a3287a\" data-id=\"3a3287a\" data-element_type=\"column\" data-e-type=\"column\">\n\t\t\t<div class=\"elementor-widget-wrap elementor-element-populated\">\n\t\t\t\t\t\t<div class=\"elementor-element elementor-element-9a26b47 wpr-promo-box-style-cover elementor-invisible elementor-widget elementor-widget-wpr-promo-box\" data-id=\"9a26b47\" data-element_type=\"widget\" data-e-type=\"widget\" data-settings=\"{&quot;_animation&quot;:&quot;slideInUp&quot;}\" data-widget_type=\"wpr-promo-box.default\">\n\t\t\t\t<div class=\"elementor-widget-container\">\n\t\t\t\t\t\n\t\t<div class=\"wpr-promo-box wpr-animation-wrap\">\n\n\t\t\t\t\t\t\t\n\t\t\t\t\t\t\t<div class=\"wpr-promo-box-image\">\n\t\t\t\t\t<div class=\"wpr-promo-box-bg-image wpr-bg-anim-zoom-in wpr-anim-timing-ease-default lazyload\" style=\"background-image:inherit;\" data-bg-image=\"url(https:\/\/veronasdavit.org\/veronasdavit\/wp-content\/uploads\/2025\/05\/roupa.jpg)\"><\/div>\n\t\t\t\t\t<div class=\"wpr-promo-box-bg-overlay wpr-border-anim-oscar\"><\/div>\n\t\t\t\t<\/div>\n\t\t\t\t\t\t\n\t\t\t<div class=\"wpr-promo-box-content\">\n\n\t\t\t\t\t\t\t\t<div class=\"wpr-promo-box-icon\">\n\t\t\t\t\t\t\t\t\t<\/div>\n\t\t\t\t\n\t\t\t\t<h3 class=\"wpr-promo-box-title\"><span>Roupas<\/span><\/h3>\n\t\t\t\t\t\t\t\t\t<div class=\"wpr-promo-box-description\">\n\t\t\t\t\t\t<p><p><span class=\"_fadeIn_m1hgl_8\">Roupas <\/span><span class=\"_fadeIn_m1hgl_8\">em <\/span><span class=\"_fadeIn_m1hgl_8\">bom <\/span><span class=\"_fadeIn_m1hgl_8\">estado <\/span><span class=\"_fadeIn_m1hgl_8\">trazem <\/span><span class=\"_fadeIn_m1hgl_8\">dignidade <\/span><span class=\"_fadeIn_m1hgl_8\">e <\/span><span class=\"_fadeIn_m1hgl_8\">conforto. <\/span><span class=\"_fadeIn_m1hgl_8\">Doe <\/span><span class=\"_fadeIn_m1hgl_8\">camisetas, <\/span><span class=\"_fadeIn_m1hgl_8\">cal\u00e7as, <\/span><span class=\"_fadeIn_m1hgl_8\">casacos <\/span><span class=\"_fadeIn_m1hgl_8\">e <\/span><span class=\"_fadeIn_m1hgl_8\">roupas <\/span><span class=\"_fadeIn_m1hgl_8\">infantis. <\/span><span class=\"_fadeIn_m1hgl_8\">Ajudar <\/span><span class=\"_fadeIn_m1hgl_8\">quem <\/span><span class=\"_fadeIn_m1hgl_8\">precisa <\/span><span class=\"_fadeIn_m1hgl_8\">\u00e9 <\/span><span class=\"_fadeIn_m1hgl_8\">tamb\u00e9m <\/span><span class=\"_fadeIn_m1hgl_8\">um <\/span><span class=\"_fadeIn_m1hgl_8\">ato <\/span><span class=\"_fadeIn_m1hgl_8\">de <\/span><span class=\"_fadeIn_m1hgl_8\">amor <\/span><span class=\"_fadeIn_m1hgl_8\">e <\/span><span class=\"_fadeIn_m1hgl_8\">solidariedade.<\/span><\/p><\/p>\t\n\t\t\t\t\t<\/div>\t\t\t\t\t\t\n\t\t\t\t\n\t\t\t\t\t\t\t<\/div>\n\n\t\t\t\t\t<\/div>\n\n\t\t\t\t\t\t<\/div>\n\t\t\t\t<\/div>\n\t\t\t\t\t<\/div>\n\t\t<\/div>\n\t\t\t\t<div class=\"elementor-column elementor-col-33 elementor-inner-column elementor-element elementor-element-d8052ef\" data-id=\"d8052ef\" data-element_type=\"column\" data-e-type=\"column\">\n\t\t\t<div class=\"elementor-widget-wrap elementor-element-populated\">\n\t\t\t\t\t\t<div class=\"elementor-element elementor-element-25496ac wpr-promo-box-style-cover elementor-invisible elementor-widget elementor-widget-wpr-promo-box\" data-id=\"25496ac\" data-element_type=\"widget\" data-e-type=\"widget\" data-settings=\"{&quot;_animation&quot;:&quot;slideInUp&quot;}\" data-widget_type=\"wpr-promo-box.default\">\n\t\t\t\t<div class=\"elementor-widget-container\">\n\t\t\t\t\t\n\t\t<div class=\"wpr-promo-box wpr-animation-wrap\">\n\n\t\t\t\t\t\t\t\n\t\t\t\t\t\t\t<div class=\"wpr-promo-box-image\">\n\t\t\t\t\t<div class=\"wpr-promo-box-bg-image wpr-bg-anim-zoom-in wpr-anim-timing-ease-default lazyload\" style=\"background-image:inherit;\" data-bg-image=\"url(https:\/\/veronasdavit.org\/veronasdavit\/wp-content\/uploads\/2025\/05\/sapatos.jpg)\"><\/div>\n\t\t\t\t\t<div class=\"wpr-promo-box-bg-overlay wpr-border-anim-oscar\"><\/div>\n\t\t\t\t<\/div>\n\t\t\t\t\t\t\n\t\t\t<div class=\"wpr-promo-box-content\">\n\n\t\t\t\t\t\t\t\t<div class=\"wpr-promo-box-icon\">\n\t\t\t\t\t\t\t\t\t<\/div>\n\t\t\t\t\n\t\t\t\t<h3 class=\"wpr-promo-box-title\"><span>Sapatos<\/span><\/h3>\n\t\t\t\t\t\t\t\t\t<div class=\"wpr-promo-box-description\">\n\t\t\t\t\t\t<p><p><span class=\"_fadeIn_m1hgl_8\">Caminhar <\/span><span class=\"_fadeIn_m1hgl_8\">com <\/span><span class=\"_fadeIn_m1hgl_8\">seguran\u00e7a <\/span><span class=\"_fadeIn_m1hgl_8\">\u00e9 <\/span><span class=\"_fadeIn_m1hgl_8\">essencial. <\/span><span class=\"_fadeIn_m1hgl_8\">Doe <\/span><span class=\"_fadeIn_m1hgl_8\">sapatos, <\/span><span class=\"_fadeIn_m1hgl_8\">chinelos <\/span><span class=\"_fadeIn_m1hgl_8\">e <\/span><span class=\"_fadeIn_m1hgl_8\">t\u00eanis <\/span><span class=\"_fadeIn_m1hgl_8\">limpos <\/span><span class=\"_fadeIn_m1hgl_8\">e <\/span><span class=\"_fadeIn_m1hgl_8\">conservados. <\/span><span class=\"_fadeIn_m1hgl_8\">Seu <\/span><span class=\"_fadeIn_m1hgl_8\">gesto <\/span><span class=\"_fadeIn_m1hgl_8\">pode <\/span><span class=\"_fadeIn_m1hgl_8\">dar <\/span><span class=\"_fadeIn_m1hgl_8\">novos <\/span><span class=\"_fadeIn_m1hgl_8\">passos <\/span><span class=\"_fadeIn_m1hgl_8\">a <\/span><span class=\"_fadeIn_m1hgl_8\">quem <\/span><span class=\"_fadeIn_m1hgl_8\">enfrenta <\/span><span class=\"_fadeIn_m1hgl_8\">grandes <\/span><span class=\"_fadeIn_m1hgl_8\">dificuldades.<\/span><\/p><\/p>\t\n\t\t\t\t\t<\/div>\t\t\t\t\t\t\n\t\t\t\t\n\t\t\t\t\t\t\t<\/div>\n\n\t\t\t\t\t<\/div>\n\n\t\t\t\t\t\t<\/div>\n\t\t\t\t<\/div>\n\t\t\t\t\t<\/div>\n\t\t<\/div>\n\t\t\t\t\t<\/div>\n\t\t<\/section>\n\t\t\t\t<section class=\"elementor-section elementor-inner-section elementor-element elementor-element-1c606fc elementor-section-boxed elementor-section-height-default elementor-section-height-default wpr-particle-no wpr-jarallax-no wpr-parallax-no wpr-sticky-section-no elementor-invisible\" data-id=\"1c606fc\" data-element_type=\"section\" data-e-type=\"section\" data-settings=\"{&quot;animation&quot;:&quot;fadeInUp&quot;,&quot;animation_delay&quot;:200}\">\n\t\t\t\t\t\t<div class=\"elementor-container elementor-column-gap-default\">\n\t\t\t\t\t<div class=\"elementor-column elementor-col-33 elementor-inner-column elementor-element elementor-element-f292b79\" data-id=\"f292b79\" data-element_type=\"column\" data-e-type=\"column\">\n\t\t\t<div class=\"elementor-widget-wrap elementor-element-populated\">\n\t\t\t\t\t\t<div class=\"elementor-element elementor-element-a9b6c68 wpr-promo-box-style-cover elementor-invisible elementor-widget elementor-widget-wpr-promo-box\" data-id=\"a9b6c68\" data-element_type=\"widget\" data-e-type=\"widget\" data-settings=\"{&quot;_animation&quot;:&quot;slideInUp&quot;}\" data-widget_type=\"wpr-promo-box.default\">\n\t\t\t\t<div class=\"elementor-widget-container\">\n\t\t\t\t\t\n\t\t<div class=\"wpr-promo-box wpr-animation-wrap\">\n\n\t\t\t\t\t\t\t\n\t\t\t\t\t\t\t<div class=\"wpr-promo-box-image\">\n\t\t\t\t\t<div class=\"wpr-promo-box-bg-image wpr-bg-anim-zoom-in wpr-anim-timing-ease-default lazyload\" style=\"background-image:inherit;\" data-bg-image=\"url(https:\/\/veronasdavit.org\/veronasdavit\/wp-content\/uploads\/2025\/05\/kit-de-higiene.webp)\"><\/div>\n\t\t\t\t\t<div class=\"wpr-promo-box-bg-overlay wpr-border-anim-oscar\"><\/div>\n\t\t\t\t<\/div>\n\t\t\t\t\t\t\n\t\t\t<div class=\"wpr-promo-box-content\">\n\n\t\t\t\t\t\t\t\t<div class=\"wpr-promo-box-icon\">\n\t\t\t\t\t\t\t\t\t<\/div>\n\t\t\t\t\n\t\t\t\t<h3 class=\"wpr-promo-box-title\"><span>Kits de Cuidado e Higiene<\/span><\/h3>\n\t\t\t\t\t\t\t\t\t<div class=\"wpr-promo-box-description\">\n\t\t\t\t\t\t<p><p><span class=\"_fadeIn_m1hgl_8\">Itens <\/span><span class=\"_fadeIn_m1hgl_8\">de <\/span><span class=\"_fadeIn_m1hgl_8\">higiene <\/span><span class=\"_fadeIn_m1hgl_8\">s\u00e3o <\/span><span class=\"_fadeIn_m1hgl_8\">fundamentais. <\/span><span class=\"_fadeIn_m1hgl_8\">Doe <\/span><span class=\"_fadeIn_m1hgl_8\">sabonetes, <\/span><span class=\"_fadeIn_m1hgl_8\">escovas, <\/span><span class=\"_fadeIn_m1hgl_8\">pastas <\/span><span class=\"_fadeIn_m1hgl_8\">de <\/span><span class=\"_fadeIn_m1hgl_8\">dente, <\/span><span class=\"_fadeIn_m1hgl_8\">absorventes <\/span><span class=\"_fadeIn_m1hgl_8\">e <\/span><span class=\"_fadeIn_m1hgl_8\">toalhas. <\/span><span class=\"_fadeIn_m1hgl_8\">Pequenos <\/span><span class=\"_fadeIn_m1hgl_8\">cuidados <\/span><span class=\"_fadeIn_m1hgl_8\">fazem <\/span><span class=\"_fadeIn_m1hgl_8\">grande <\/span><span class=\"_fadeIn_m1hgl_8\">diferen\u00e7a <\/span><span class=\"_fadeIn_m1hgl_8\">na <\/span><span class=\"_fadeIn_m1hgl_8\">vida <\/span><span class=\"_fadeIn_m1hgl_8\">de <\/span><span class=\"_fadeIn_m1hgl_8\">algu\u00e9m.<\/span><\/p><\/p>\t\n\t\t\t\t\t<\/div>\t\t\t\t\t\t\n\t\t\t\t\n\t\t\t\t\t\t\t<\/div>\n\n\t\t\t\t\t<\/div>\n\n\t\t\t\t\t\t<\/div>\n\t\t\t\t<\/div>\n\t\t\t\t\t<\/div>\n\t\t<\/div>\n\t\t\t\t<div class=\"elementor-column elementor-col-33 elementor-inner-column elementor-element elementor-element-9f826b8\" data-id=\"9f826b8\" data-element_type=\"column\" data-e-type=\"column\">\n\t\t\t<div class=\"elementor-widget-wrap elementor-element-populated\">\n\t\t\t\t\t\t<div class=\"elementor-element elementor-element-872aab6 wpr-promo-box-style-cover elementor-invisible elementor-widget elementor-widget-wpr-promo-box\" data-id=\"872aab6\" data-element_type=\"widget\" data-e-type=\"widget\" data-settings=\"{&quot;_animation&quot;:&quot;slideInUp&quot;}\" data-widget_type=\"wpr-promo-box.default\">\n\t\t\t\t<div class=\"elementor-widget-container\">\n\t\t\t\t\t\n\t\t<div class=\"wpr-promo-box wpr-animation-wrap\">\n\n\t\t\t\t\t\t\t\n\t\t\t\t\t\t\t<div class=\"wpr-promo-box-image\">\n\t\t\t\t\t<div class=\"wpr-promo-box-bg-image wpr-bg-anim-zoom-in wpr-anim-timing-ease-default lazyload\" style=\"background-image:inherit;\" data-bg-image=\"url(https:\/\/veronasdavit.org\/veronasdavit\/wp-content\/uploads\/2025\/06\/36.jpg)\"><\/div>\n\t\t\t\t\t<div class=\"wpr-promo-box-bg-overlay wpr-border-anim-oscar\"><\/div>\n\t\t\t\t<\/div>\n\t\t\t\t\t\t\n\t\t\t<div class=\"wpr-promo-box-content\">\n\n\t\t\t\t\t\t\t\t<div class=\"wpr-promo-box-icon\">\n\t\t\t\t\t\t\t\t\t<\/div>\n\t\t\t\t\n\t\t\t\t<h3 class=\"wpr-promo-box-title\"><span>Prendas de Natal<\/span><\/h3>\n\t\t\t\t\t\t\t\t\t<div class=\"wpr-promo-box-description\">\n\t\t\t\t\t\t<p><p><span class=\"_fadeIn_m1hgl_8\">Fa\u00e7a <\/span><span class=\"_fadeIn_m1hgl_8\">o <\/span><span class=\"_fadeIn_m1hgl_8\">Natal <\/span><span class=\"_fadeIn_m1hgl_8\">de <\/span><span class=\"_fadeIn_m1hgl_8\">algu\u00e9m <\/span><span class=\"_fadeIn_m1hgl_8\">mais <\/span><span class=\"_fadeIn_m1hgl_8\">feliz. <\/span><span class=\"_fadeIn_m1hgl_8\">Doe <\/span><span class=\"_fadeIn_m1hgl_8\">brinquedos, <\/span><span class=\"_fadeIn_m1hgl_8\">roupas, <\/span><span class=\"_fadeIn_m1hgl_8\">cal\u00e7ados <\/span><span class=\"_fadeIn_m1hgl_8\">ou <\/span><span class=\"_fadeIn_m1hgl_8\">doces. <\/span><span class=\"_fadeIn_m1hgl_8\">Um <\/span><span class=\"_fadeIn_m1hgl_8\">gesto <\/span><span class=\"_fadeIn_m1hgl_8\">generoso <\/span><span class=\"_fadeIn_m1hgl_8\">pode <\/span><span class=\"_fadeIn_m1hgl_8\">transformar <\/span><span class=\"_fadeIn_m1hgl_8\">essa <\/span><span class=\"_fadeIn_m1hgl_8\">data <\/span><span class=\"_fadeIn_m1hgl_8\">em <\/span><span class=\"_fadeIn_m1hgl_8\">um <\/span><span class=\"_fadeIn_m1hgl_8\">momento <\/span><span class=\"_fadeIn_m1hgl_8\">de <\/span><span class=\"_fadeIn_m1hgl_8\">alegria <\/span><span class=\"_fadeIn_m1hgl_8\">e <\/span><span class=\"_fadeIn_m1hgl_8\">esperan\u00e7a.<\/span><\/p><\/p>\t\n\t\t\t\t\t<\/div>\t\t\t\t\t\t\n\t\t\t\t\n\t\t\t\t\t\t\t<\/div>\n\n\t\t\t\t\t<\/div>\n\n\t\t\t\t\t\t<\/div>\n\t\t\t\t<\/div>\n\t\t\t\t\t<\/div>\n\t\t<\/div>\n\t\t\t\t<div class=\"elementor-column elementor-col-33 elementor-inner-column elementor-element elementor-element-022ad43\" data-id=\"022ad43\" data-element_type=\"column\" data-e-type=\"column\">\n\t\t\t<div class=\"elementor-widget-wrap elementor-element-populated\">\n\t\t\t\t\t\t<div class=\"elementor-element elementor-element-21c1174 wpr-promo-box-style-cover elementor-invisible elementor-widget elementor-widget-wpr-promo-box\" data-id=\"21c1174\" data-element_type=\"widget\" data-e-type=\"widget\" data-settings=\"{&quot;_animation&quot;:&quot;slideInUp&quot;}\" data-widget_type=\"wpr-promo-box.default\">\n\t\t\t\t<div class=\"elementor-widget-container\">\n\t\t\t\t\t\n\t\t<div class=\"wpr-promo-box wpr-animation-wrap\">\n\n\t\t\t\t\t\t\t\n\t\t\t\t\t\t\t<div class=\"wpr-promo-box-image\">\n\t\t\t\t\t<div class=\"wpr-promo-box-bg-image wpr-bg-anim-zoom-in wpr-anim-timing-ease-default lazyload\" style=\"background-image:inherit;\" data-bg-image=\"url(https:\/\/veronasdavit.org\/veronasdavit\/wp-content\/uploads\/2025\/05\/caridade.jpg)\"><\/div>\n\t\t\t\t\t<div class=\"wpr-promo-box-bg-overlay wpr-border-anim-oscar\"><\/div>\n\t\t\t\t<\/div>\n\t\t\t\t\t\t\n\t\t\t<div class=\"wpr-promo-box-content\">\n\n\t\t\t\t\t\t\t\t<div class=\"wpr-promo-box-icon\">\n\t\t\t\t\t\t\t\t\t<\/div>\n\t\t\t\t\n\t\t\t\t<h3 class=\"wpr-promo-box-title\"><span>Outros<\/span><\/h3>\n\t\t\t\t\t\t\t\t\t<div class=\"wpr-promo-box-description\">\n\t\t\t\t\t\t<p><p><span class=\"_fadeIn_m1hgl_8\">Quer <\/span><span class=\"_fadeIn_m1hgl_8\">doar <\/span><span class=\"_fadeIn_m1hgl_8\">algo <\/span><span class=\"_fadeIn_m1hgl_8\">diferente? <\/span><span class=\"_fadeIn_m1hgl_8\">Aceitamos <\/span><span class=\"_fadeIn_m1hgl_8\">utens\u00edlios, <\/span><span class=\"_fadeIn_m1hgl_8\">cobertores, <\/span><span class=\"_fadeIn_m1hgl_8\">livros, <\/span><span class=\"_fadeIn_m1hgl_8\">material <\/span><span class=\"_fadeIn_m1hgl_8\">escolar <\/span><span class=\"_fadeIn_m1hgl_8\">e <\/span><span class=\"_fadeIn_m1hgl_8\">mais. <\/span><span class=\"_fadeIn_m1hgl_8\">Toda <\/span><span class=\"_fadeIn_m1hgl_8\">doa\u00e7\u00e3o <\/span><span class=\"_fadeIn_m1hgl_8\">\u00fatil <\/span><span class=\"_fadeIn_m1hgl_8\">pode <\/span><span class=\"_fadeIn_m1hgl_8\">mudar <\/span><span class=\"_fadeIn_m1hgl_8\">realidades <\/span><span class=\"_fadeIn_m1hgl_8\">e <\/span><span class=\"_fadeIn_m1hgl_8\">levar <\/span><span class=\"_fadeIn_m1hgl_8\">conforto <\/span><span class=\"_fadeIn_m1hgl_8\">a <\/span><span class=\"_fadeIn_m1hgl_8\">quem <\/span><span class=\"_fadeIn_m1hgl_8\">precisa.<\/span><\/p><\/p>\t\n\t\t\t\t\t<\/div>\t\t\t\t\t\t\n\t\t\t\t\n\t\t\t\t\t\t\t<\/div>\n\n\t\t\t\t\t<\/div>\n\n\t\t\t\t\t\t<\/div>\n\t\t\t\t<\/div>\n\t\t\t\t\t<\/div>\n\t\t<\/div>\n\t\t\t\t\t<\/div>\n\t\t<\/section>\n\t\t\t\t\t<\/div>\n\t\t<\/div>\n\t\t\t\t\t<\/div>\n\t\t<\/section>\n\t\t\t\t<section class=\"elementor-section elementor-top-section elementor-element elementor-element-ee813fc elementor-section-boxed elementor-section-height-default elementor-section-height-default wpr-particle-no wpr-jarallax-no wpr-parallax-no\" data-id=\"ee813fc\" data-element_type=\"section\" data-e-type=\"section\" data-settings=\"{&quot;background_background&quot;:&quot;classic&quot;}\">\n\t\t\t\t\t\t<div class=\"elementor-container elementor-column-gap-default\">\n\t\t\t\t\t<div class=\"elementor-column elementor-col-100 elementor-top-column elementor-element elementor-element-e424124\" data-id=\"e424124\" data-element_type=\"column\" data-e-type=\"column\">\n\t\t\t<div class=\"elementor-widget-wrap elementor-element-populated\">\n\t\t\t\t\t\t<div class=\"elementor-element elementor-element-1c60f02 elementor-invisible elementor-widget elementor-widget-heading\" data-id=\"1c60f02\" data-element_type=\"widget\" data-e-type=\"widget\" data-settings=\"{&quot;_animation&quot;:&quot;fadeInUp&quot;}\" data-widget_type=\"heading.default\">\n\t\t\t\t<div class=\"elementor-widget-container\">\n\t\t\t\t\t<h3 class=\"elementor-heading-title elementor-size-default\">Nossos Projectos<\/h3>\t\t\t\t<\/div>\n\t\t\t\t<\/div>\n\t\t\t\t<div class=\"elementor-element elementor-element-7bf6a70 wpr-grid-columns-2 animated-slow wpr-grid-columns--tablet2 wpr-grid-columns--mobile1 wpr-grid-pagination-center wpr-item-styles-inner elementor-invisible elementor-widget elementor-widget-wpr-woo-grid\" data-id=\"7bf6a70\" data-element_type=\"widget\" data-e-type=\"widget\" data-settings=\"{&quot;_animation&quot;:&quot;fadeInUp&quot;}\" data-widget_type=\"wpr-woo-grid.default\">\n\t\t\t\t<div class=\"elementor-widget-container\">\n\t\t\t\t\t<h2>WooCommerce is NOT active!<\/h2>\t\t\t\t<\/div>\n\t\t\t\t<\/div>\n\t\t\t\t\t<\/div>\n\t\t<\/div>\n\t\t\t\t\t<\/div>\n\t\t<\/section>\n\t\t\t\t<\/div>\n\t\t\n    <div class=\"xs_social_share_widget xs_share_url after_content \t\tmain_content  wslu-style-1 wslu-share-box-shaped wslu-fill-colored wslu-none wslu-share-horizontal wslu-theme-font-no wslu-main_content\">\n\n\t\t\n        <ul>\n\t\t\t        <\/ul>\n    <\/div> \n","protected":false},"excerpt":{"rendered":"<p>Nossos Projectos Transformando vidas pelo amor de Cristo Na Associa\u00e7\u00e3o Veronas Davit, acreditamos que pequenas ac\u00e7\u00f5es podem gerar grandes mudan\u00e7as. Atrav\u00e9s do ato simples, por\u00e9m poderoso, de doar. Pois, temos a oportunidade de transformar vidas e impactar comunidades inteiras em Angola. Alimentos Doe alimentos n\u00e3o perec\u00edveis e ajude fam\u00edlias em situa\u00e7\u00e3o de fome. Arroz, feij\u00e3o, massa, \u00f3leo e enlatados s\u00e3o bem-vindos. Um gesto simples pode alimentar muitas pessoas. Roupas Roupas em bom estado trazem dignidade e conforto. Doe camisetas, cal\u00e7as, casacos e roupas infantis. Ajudar quem precisa \u00e9 tamb\u00e9m um ato de amor e solidariedade. Sapatos Caminhar com seguran\u00e7a \u00e9 essencial. Doe sapatos, chinelos e t\u00eanis limpos e conservados. Seu gesto pode dar novos passos a quem enfrenta grandes dificuldades. Kits de Cuidado e Higiene Itens de higiene s\u00e3o fundamentais. Doe sabonetes, escovas, pastas de dente, absorventes e toalhas. Pequenos cuidados fazem grande diferen\u00e7a na vida de algu\u00e9m. Prendas de Natal Fa\u00e7a o Natal de algu\u00e9m mais feliz. Doe brinquedos, roupas, cal\u00e7ados ou doces. Um gesto generoso pode transformar essa data em um momento de alegria e esperan\u00e7a. Outros Quer doar algo diferente? Aceitamos utens\u00edlios, cobertores, livros, material escolar e mais. Toda doa\u00e7\u00e3o \u00fatil pode mudar realidades e levar conforto a quem precisa. Nossos Projectos All Doa\u00e7\u00e3o Doa\u00e7\u00e3o Roupa para os moradores de rua Projecto para os moradores de rua Saiba mais Doa\u00e7\u00e3o Associa\u00e7\u00e3o Veronas Davit Apoie-nos a promover a inclus\u00e3o social, educa\u00e7\u00e3o, empoderamento feminino e o desenvolvimento comunit\u00e1rio em Angola. Saiba mais Doa\u00e7\u00e3o Lar do Acolhimento Projecto que visa acolher meninas e jovens de 10 a 18 anos em situa\u00e7\u00e3o de vulnerabilidade, promovendo inclus\u00e3o, educa\u00e7\u00e3o e&hellip; Saiba mais<\/p>\n","protected":false},"author":1,"featured_media":0,"parent":0,"menu_order":0,"comment_status":"closed","ping_status":"closed","template":"tpl-fullwidth.php","meta":{"_acf_changed":false,"give_campaign_id":0,"postBodyCss":"","postBodyMargin":[],"postBodyPadding":[],"postBodyBackground":{"backgroundType":"classic","gradient":""},"footnotes":""},"class_list":["post-4339","page","type-page","status-publish","hentry"],"acf":[],"campaignId":"0","_links":{"self":[{"href":"https:\/\/veronasdavit.org\/veronasdavit\/wp-json\/wp\/v2\/pages\/4339","targetHints":{"allow":["GET"]}}],"collection":[{"href":"https:\/\/veronasdavit.org\/veronasdavit\/wp-json\/wp\/v2\/pages"}],"about":[{"href":"https:\/\/veronasdavit.org\/veronasdavit\/wp-json\/wp\/v2\/types\/page"}],"author":[{"embeddable":true,"href":"https:\/\/veronasdavit.org\/veronasdavit\/wp-json\/wp\/v2\/users\/1"}],"replies":[{"embeddable":true,"href":"https:\/\/veronasdavit.org\/veronasdavit\/wp-json\/wp\/v2\/comments?post=4339"}],"version-history":[{"count":8,"href":"https:\/\/veronasdavit.org\/veronasdavit\/wp-json\/wp\/v2\/pages\/4339\/revisions"}],"predecessor-version":[{"id":4415,"href":"https:\/\/veronasdavit.org\/veronasdavit\/wp-json\/wp\/v2\/pages\/4339\/revisions\/4415"}],"wp:attachment":[{"href":"https:\/\/veronasdavit.org\/veronasdavit\/wp-json\/wp\/v2\/media?parent=4339"}],"curies":[{"name":"wp","href":"https:\/\/api.w.org\/{rel}","templated":true}]}}